{"id":302,"date":"2026-01-20T15:01:17","date_gmt":"2026-01-20T14:01:17","guid":{"rendered":"http:\/\/www.imperialecesenatico.com\/?page_id=302"},"modified":"2026-02-02T16:10:53","modified_gmt":"2026-02-02T15:10:53","slug":"ristorante","status":"publish","type":"page","link":"https:\/\/www.imperialecesenatico.com\/de\/ristorante\/","title":{"rendered":"Restaurant"},"content":{"rendered":"<section class=\"wao-blocks-container container-fluid mb-2\"\n\t\t>\n    \n<div class=\"wao-blocks-row row\" >\n    \n\n<div class=\"col-12 col-md-12 p-0 position-relative\"\n     \n\t \n\t>\n        \n<div class=\"w-100 h-100  position-absolute z-index-10 top-0 left-0 d-none d-lg-flex align-items-center justify-content-center gradient-01\">\n  <div class=\"\">\n <div class=\"mx-auto  text-center\"><p class=\"h1 text-white mb-4\">A tavola la tua vacanza diventa perfetta\n<\/p>\n    \n  <\/div>\n  <\/div>\n<\/div>\n\n\n\n<div id=\"flc-carousel\" data-cellAlign=\"center\" data-bgLazyLoad=\"1\" data-freeScroll=\"false\" data-wrapAround=\"true\" data-autoPlay=\"5000\" data-pauseAutoPlayOnHover =\"true\" data-prevNextButtons=\"false\" data-contain=\"true\" data-pageDots=\"false\" data-draggable=\"false\" data-groupCells=\"1\" data-fade=\"false\" class=\"js--flickity wao-blocks-slider foto-top flc-carousel-83019\"  >\n\n                            <div class=\"w-100\">\n                    \n    <div style='background: url(http:\/\/www.imperialecesenatico.com\/wp-content\/uploads\/2026\/01\/top-risto-00.jpg)center center ; background-blend-mode: multiply; background-size: cover; height: 75vh; background-position: 50% 50%;' class='wao-blocks-flc-banner'>\n        <div \n            class='carousel-caption mobile-tablet-centered text-left' \n                        style='max-width: 500px; bottom: 25%; background-color:  ; margin:  auto            '>\n                    <\/div>\n        <style>\n            @media screen and (max-width: 992px) {\n                .mobile-tablet-centered {\n                    margin: auto !important;\n                }\n            }\n        <\/style>\n    <\/div>\n    \n                <\/div>\n            \n<\/div>\n    <\/div>\n<\/div>\n<\/section>\n\n<section class=\"wao-blocks-container container mb-0 pt-200 pb-5\"\n\t\t>\n    \n<div class=\"wao-blocks-row row\" >\n    \n\n<div class=\"col-12 col-md-12 js--hideme \"\n    data-anim=\"fadeInUp\"\n     \n\tid=\"u--iniziopagina\" \n\t>\n        \n<div class=\"p-lg-5 p-4 text-center max-w-900px mx-auto\">\n\n\n<div class=\"breadcrumb-block mb-4\"\n    >\n    <div class=\"text-primary mx-auto text-center small\">\n        <a href=\"https:\/\/www.imperialecesenatico.com\/de\" rel=\"nofollow\" title=\"Home\">Home &gt;<\/a>\n        Ristorante    <\/div>\n<\/div>\n\n\n<h1 class=\"wp-block-heading has-text-align-center mb-4\">Una rinomata tradizione gastronomica, e la nuova Formula Light<\/h1>\n\n\n\n<p class=\"has-text-align-center\">La cucina \u00e8 uno dei punti di forza dell\u2019Hotel Imperiale.<br>Utilizziamo <strong>prodotti a km zero<\/strong>, materie prime fresche e selezionate, ricette di una rinomata tradizione gastronomica, carne e pesce scelti quotidianamente, per offrirti piatti genuini e sempre diversi. E in pi\u00f9 una <strong>Formula Light<\/strong> che rende ogni pranzo un\u2019esperienza di gusto e leggerezza.<\/p>\n\n\n<\/div>\n    <\/div>\n<\/div>\n<\/section>\n\n<section class=\"wao-blocks-container container-fluid mb-0 pb-5\"\n\t\t>\n    \n<div class=\"wao-blocks-row row\" >\n    \n\n<div class=\"col-12 col-lg-6 d-flex justify-coontent-end p-0\"\n     \n\t \n\t>\n        \n    <figure\n        class=\"wao-blocks-immagine-bkg w-100 h-100\"\n        style=\"background: url('http:\/\/www.imperialecesenatico.com\/wp-content\/uploads\/2026\/01\/colazione-00.jpg') center center \/ cover no-repeat; min-height: 400px;\"\n        >\n            <\/figure>\n\n    <\/div>\n\n\n<div class=\"col-12 col-lg-6 p-0 p-lg-4 d-flex align-items-center justify-content-lg-start justify-content-center js--hideme \"\n    data-anim=\"fadeInUp\"\n     \n\t \n\t>\n        \n<div class=\"g--bkg-light-04 border-20 p-lg-5 p-4  max-w-700px\">\n\n\n<h2 class=\"wp-block-heading mb-4 h1\">La tua giornata al mare inizia a colazione<\/h2>\n\n\n\n<p class=\" mb-4\">Per iniziare ogni giornata con calma e buonumore, ogni mattina ti accogliamo con una <strong>ricca colazione a buffet, dolce e salata<\/strong>, da gustare nella nostra luminosa sala. Nel buffet: <strong>torte e ciambelle fatte in casa<\/strong>, brioches fragranti, pane di diverso tipo con macchina per toast, <strong>frutta fresca<\/strong> di stagione, insieme a <strong>caff\u00e8 espresso<\/strong>, <strong>cappuccino<\/strong>, <strong>t\u00e8<\/strong>, <strong>cioccolata calda<\/strong>, succhi di frutta e bevande calde per tutti i gusti.<br>Per chi ama <strong>una colazione pi\u00f9 sostanziosa<\/strong> o proteica, non mancano yogurt, uova, affettati e formaggi.<\/p>\n\n\n\n<p class=\" mb-4\">Un momento da gustare con calma, preparandosi a una splendida giornata da trascorrere in spiaggia.<\/p>\n\n\n\n<\/div>\n    <\/div>\n<\/div>\n<\/section>\n\n<section class=\"wao-blocks-container container-fluid mb-0 pb-5\"\n\t\t>\n    \n<div class=\"wao-blocks-row row\" >\n    \n\n<div class=\"col-12 col-lg-6 order-lg-1 order-2 d-flex align-items-center justify-content-lg-start justify-content-lg-end p-0 p-lg-4  js--hideme \"\n    data-anim=\"fadeInUp\"\n     \n\tid=\"light\" \n\t>\n        \n<div class=\"g--bkg-light-04 border-20 p-lg-5 p-4 max-w-700px \">\n\n\n<h2 class=\"wp-block-heading mb-4 h1\">La Formula Light: gusto e leggerezza<\/h2>\n\n\n\n<p class=\" mb-4\">La <strong>Formula Light<\/strong> \u00e8 pensata per chi desidera vivere la vacanza in totale libert\u00e0, senza rinunciare al gusto e alla qualit\u00e0 della cucina.<br>A pranzo proponiamo una soluzione <strong>leggera ma completa<\/strong>, ideale per chi ama trascorrere pi\u00f9 tempo in spiaggia: un <strong>buffet <\/strong>con <strong>primi piatti sempre diversi<\/strong>, insalate fresche e contorni gustosi, preparati con ingredienti selezionati e di stagione. Il pranzo pu\u00f2 essere consumato anche <strong>direttamente in spiaggia<\/strong>, per continuare a goderti il sole e il relax senza vincoli di orario.<\/p>\n\n\n\n<p class=\" mb-4\">La <strong>Formula Light<\/strong> unisce comodit\u00e0, qualit\u00e0 e leggerezza, ingredienti perfetti per una vacanza <strong>senza pensieri<\/strong>.<\/p>\n\n\n<\/div>\n    <\/div>\n\n\n<div class=\"col-12 col-lg-6 order-lg-2 order-1 d-flex justify-coontent-end p-0\"\n     \n\t \n\t>\n        \n\n<div class=\"js--flickity wao-blocks-img-carousel-flickity gallery-slider w-100 img-carousel-flickity-82398\"\n    data-cof=\"true\" data-cof-rule=\"min-height, 400px, 400px, 500px, 500px, 550px\"     data-cellAlign=\"right\" data-bgLazyLoad=\"1\" data-freeScroll=\"false\" data-wrapAround=\"true\" data-autoPlay=\"5000\" data-pauseAutoPlayOnHover =\"true\" data-prevNextButtons=\"true\" data-contain=\"true\" data-pageDots=\"false\" data-draggable=\"true\" data-initialIndex=\"1\"     >\n                <div class=\"col-12 col-sm-12 col-md-12 p-0 h-100\">\n             <a href=\"http:\/\/www.imperialecesenatico.com\/wp-content\/uploads\/2026\/01\/risto-001.jpg\" rel=\"ilightBox\" title=\"Apri la galleria\">\n                \n                            \n                                                        <div class=\"w-100\" style='background: url(http:\/\/www.imperialecesenatico.com\/wp-content\/uploads\/2026\/01\/risto-001.jpg); background-size: cover; height: 100%;background-position: 50% 50%;'><\/div>\n                    <\/a>                         <\/a>     \n\n                                            <\/div>\n                        <div class=\"col-12 col-sm-12 col-md-12 p-0 h-100\">\n             <a href=\"http:\/\/www.imperialecesenatico.com\/wp-content\/uploads\/2026\/01\/risto-004.jpg\" rel=\"ilightBox\" title=\"Apri la galleria\">\n                \n                            \n                                                        <div class=\"w-100\" style='background: url(http:\/\/www.imperialecesenatico.com\/wp-content\/uploads\/2026\/01\/risto-004.jpg); background-size: cover; height: 100%;background-position: 50% 50%;'><\/div>\n                    <\/a>                         <\/a>     \n\n                                            <\/div>\n                        <div class=\"col-12 col-sm-12 col-md-12 p-0 h-100\">\n             <a href=\"http:\/\/www.imperialecesenatico.com\/wp-content\/uploads\/2026\/01\/risto-003.jpg\" rel=\"ilightBox\" title=\"Apri la galleria\">\n                \n                            \n                                                        <div class=\"w-100\" style='background: url(http:\/\/www.imperialecesenatico.com\/wp-content\/uploads\/2026\/01\/risto-003.jpg); background-size: cover; height: 100%;background-position: 50% 50%;'><\/div>\n                    <\/a>                         <\/a>     \n\n                                            <\/div>\n                        <div class=\"col-12 col-sm-12 col-md-12 p-0 h-100\">\n             <a href=\"http:\/\/www.imperialecesenatico.com\/wp-content\/uploads\/2026\/01\/risto-009.jpg\" rel=\"ilightBox\" title=\"Apri la galleria\">\n                \n                            \n                                                        <div class=\"w-100\" style='background: url(http:\/\/www.imperialecesenatico.com\/wp-content\/uploads\/2026\/01\/risto-009.jpg); background-size: cover; height: 100%;background-position: 50% 50%;'><\/div>\n                    <\/a>                         <\/a>     \n\n                                            <\/div>\n                        <div class=\"col-12 col-sm-12 col-md-12 p-0 h-100\">\n             <a href=\"http:\/\/www.imperialecesenatico.com\/wp-content\/uploads\/2026\/01\/risto-008.jpg\" rel=\"ilightBox\" title=\"Apri la galleria\">\n                \n                            \n                                                        <div class=\"w-100\" style='background: url(http:\/\/www.imperialecesenatico.com\/wp-content\/uploads\/2026\/01\/risto-008.jpg); background-size: cover; height: 100%;background-position: 50% 50%;'><\/div>\n                    <\/a>                         <\/a>     \n\n                                            <\/div>\n                        <div class=\"col-12 col-sm-12 col-md-12 p-0 h-100\">\n             <a href=\"http:\/\/www.imperialecesenatico.com\/wp-content\/uploads\/2026\/01\/piadina-romagnola.jpg\" rel=\"ilightBox\" title=\"Apri la galleria\">\n                \n                            \n                                                        <div class=\"w-100\" style='background: url(http:\/\/www.imperialecesenatico.com\/wp-content\/uploads\/2026\/01\/piadina-romagnola.jpg); background-size: cover; height: 100%;background-position: 50% 50%;'><\/div>\n                    <\/a>                         <\/a>     \n\n                                            <\/div>\n            <\/div>\n\n\n    <\/div>\n<\/div>\n<\/section>\n\n<section class=\"wao-blocks-container container-fluid mb-0 pb-5\"\n\t\t>\n    \n<div class=\"wao-blocks-row row\" >\n    \n\n<div class=\"col-12 col-lg-6 d-flex justify-coontent-end p-0\"\n     \n\t \n\t>\n        \n    <figure\n        class=\"wao-blocks-immagine-bkg w-100 h-100\"\n        style=\"background: url('http:\/\/www.imperialecesenatico.com\/wp-content\/uploads\/2026\/01\/buffet-contorni.jpg') center center \/ cover no-repeat; min-height: 400px;\"\n        >\n            <\/figure>\n\n    <\/div>\n\n\n<div class=\"col-12 col-lg-6 p-0 p-lg-4 d-flex align-items-center justify-content-lg-start justify-content-center js--hideme \"\n    data-anim=\"fadeInUp\"\n     \n\t \n\t>\n        \n<div class=\"g--bkg-light-04 border-20 p-lg-5 p-4  max-w-700px my-lg-5\">\n\n\n<h2 class=\"wp-block-heading mb-4 h1\">E dopo una giornata di mare, una cena ricca e gustosa<\/h2>\n\n\n\n<p class=\" mb-4\">All\u2019Hotel Imperiale di Cesenatico, la sera diventa un vero momento di relax e piacere. Nella nostra sala ristorante, ti aspetta una cena completa e curata.<\/p>\n\n\n\n<p>Il percorso inizia con un ricco <strong>buffet di antipasti<\/strong> e insalate fresche, per poi proseguire con <strong>primi e secondi a buffet assistito<\/strong>, sempre con una scelta quotidiana tra <strong>carne e pesce<\/strong>, selezionato giorno per giorno.<br>Inoltre ogni sera il men\u00f9 cambia, per offrirti <strong>variet\u00e0 e qualit\u00e0<\/strong>, e non manca l\u2019allegria condivisa con serate a tema e <strong>cene romagnole<\/strong> dedicate alla tradizione del territorio.<\/p>\n\n\n\n<p class=\" mb-4\">A completare la cena, <strong>frutta e dolci<\/strong>. L\u2019acqua \u00e8 sempre inclusa in tutti i trattamenti, mentre vino e bevande sono compresi nella formula All Inclusive Light.<\/p>\n\n\n\n<\/div>\n    <\/div>\n<\/div>\n<\/section>\n\n<section class=\"wao-blocks-container container-fluid mb-0 pb-5\"\n\t\t>\n    \n<div class=\"wao-blocks-row row\" >\n    \n\n<div class=\"col-12 col-lg-6 order-lg-1 order-2 d-flex align-items-center justify-content-lg-start justify-content-lg-end p-0 p-lg-4  js--hideme \"\n    data-anim=\"fadeInUp\"\n     \n\t \n\t>\n        \n<div class=\"g--bkg-light-04 border-20 p-lg-5 p-4 max-w-700px \">\n\n\n<h2 class=\"wp-block-heading mb-4 h1\">Attenzione a ogni esigenza<\/h2>\n\n\n\n<p class=\" mb-4\">Su richiesta prepariamo <strong>men\u00f9 personalizzati<\/strong> per:<\/p>\n\n\n\n<ul class=\"wp-block-list\">\n<li>celiaci<\/li>\n\n\n\n<li>vegani<\/li>\n\n\n\n<li>intolleranze alimentari<\/li>\n\n\n\n<li>sportivi<\/li>\n\n\n\n<li>bambini<\/li>\n<\/ul>\n\n\n\n<p class=\" mb-4\">Per i pi\u00f9 piccoli, inoltre, nella sala ristorante sono disponibili seggioloni, e vengono garantiti <strong>orari flessibili <\/strong>e collaborazione nella <strong>preparazione delle pappe<\/strong>.<\/p>\n\n\n<\/div>\n    <\/div>\n\n\n<div class=\"col-12 col-lg-6 order-lg-2 order-1 d-flex justify-coontent-end p-0\"\n     \n\t \n\t>\n        \n    <figure\n        class=\"wao-blocks-immagine-bkg w-100 h-100\"\n        style=\"background: url('http:\/\/www.imperialecesenatico.com\/wp-content\/uploads\/2026\/01\/menu-personalizzati.jpg') center center \/ cover no-repeat; min-height: 400px;\"\n        >\n            <\/figure>\n\n    <\/div>\n<\/div>\n<\/section>\n\n<section class=\"wao-blocks-container container-fluid mb-5\"\n\t\t>\n    \n<div class=\"wao-blocks-row row\" >\n    \n\n<div class=\"col-12 col-md-12 col-xl-10 g--bkg-light-01 mx-auto tex-align box_puntiforza p-lg-5 p-4\"\n     \n\t \n\t>\n        \n\n<h2 class=\"wp-block-heading has-text-align-center mb-4\">Punti forza<br>dell'Hotel Imperiale di Cesenatico<\/h2>\n\n\n<div id=\"innerblocks-slider-parent1\" data-wrapAround='false' data-cellAlign=\"right\" data-bgLazyLoad=\"1\" data-freeScroll=\"false\" data-autoPlay=\"5000\" data-pauseAutoPlayOnHover =\"true\" data-prevNextButtons=\"false\" data-contain=\"true\" data-pageDots=\"true\" data-draggable=\"true\"  class=\"wrap-desktop js--flickity wao-blocks-slider slider-pf innerblocks-slider-parent-66228 no-drag-fix-innerblocks-slider-parent-66228 \"  style=\"margin-bottom: 35px\">\n            <div class=\"col-12 col-md-6 col-lg-4 p-0\" style=\"height:350px\">\n            \n    <div \n        class='innerblocks-slider-child wao-blocks-innerblocks-slider-child p-2 text-center' \n        >\n        \n\n<div class=\"wao-blocks-immagine-src\" \n    >\n                    <img decoding=\"async\" src=\"http:\/\/www.imperialecesenatico.com\/wp-content\/uploads\/2026\/01\/pg-cucina.jpg\"  class=\"img-fluid\"  alt=\"pg-cucina\">\n    <\/div>\n\n\n<p class=\"has-text-align-center mt-2 h3\">Cucina di qualit\u00e0<\/p>\n\n    <\/div>\n    <style>\n        @media screen and (max-width: 992px) {\n            .innerblocks-slider-child {\n                margin: auto !important;\n            }\n        }\n    <\/style>\n  \n\n        <\/div>\n            <div class=\"col-12 col-md-6 col-lg-4 p-0\" style=\"height:350px\">\n            \n    <div \n        class='innerblocks-slider-child wao-blocks-innerblocks-slider-child p-2 text-center' \n        >\n        \n\n<div class=\"wao-blocks-immagine-src\" \n    >\n                    <img decoding=\"async\" src=\"http:\/\/www.imperialecesenatico.com\/wp-content\/uploads\/2026\/01\/pf-gestione.jpg\"  class=\"img-fluid\"  alt=\"pf-gestione\">\n    <\/div>\n\n\n<p class=\"has-text-align-center mt-2 h3\">Gestione famigliare<\/p>\n\n    <\/div>\n    <style>\n        @media screen and (max-width: 992px) {\n            .innerblocks-slider-child {\n                margin: auto !important;\n            }\n        }\n    <\/style>\n  \n\n        <\/div>\n            <div class=\"col-12 col-md-6 col-lg-4 p-0\" style=\"height:350px\">\n            \n    <div \n        class='innerblocks-slider-child wao-blocks-innerblocks-slider-child p-2 text-center' \n        >\n        \n\n<div class=\"wao-blocks-immagine-src\" \n    >\n                    <img decoding=\"async\" src=\"http:\/\/www.imperialecesenatico.com\/wp-content\/uploads\/2026\/01\/pf-spiaggia.jpg\"  class=\"img-fluid\"  alt=\"pf-spiaggia\">\n    <\/div>\n\n\n<p class=\"has-text-align-center mt-2 h3\">Vicino alla spiaggia privata<\/p>\n\n    <\/div>\n    <style>\n        @media screen and (max-width: 992px) {\n            .innerblocks-slider-child {\n                margin: auto !important;\n            }\n        }\n    <\/style>\n  \n        <\/div>\n    <\/div>\n<div id=\"innerblocks-slider-parent2\"  data-wrapAround='true' data-cellAlign=\"right\" data-bgLazyLoad=\"1\" data-freeScroll=\"false\" data-autoPlay=\"5000\" data-pauseAutoPlayOnHover =\"true\" data-prevNextButtons=\"false\" data-contain=\"true\" data-pageDots=\"true\" data-draggable=\"true\" class=\"wrap-mobile js--flickity wao-blocks-slider slider-pf innerblocks-slider-parent-66228\"  style=\"margin-bottom: 35px\">\n            <div class=\"col-12 col-md-6 col-lg-4 p-0\" style=\"height:350px\">\n            \n    <div \n        class='innerblocks-slider-child wao-blocks-innerblocks-slider-child p-2 text-center' \n        >\n        \n\n<div class=\"wao-blocks-immagine-src\" \n    >\n                    <img decoding=\"async\" src=\"http:\/\/www.imperialecesenatico.com\/wp-content\/uploads\/2026\/01\/pg-cucina.jpg\"  class=\"img-fluid\"  alt=\"pg-cucina\">\n    <\/div>\n\n\n<p class=\"has-text-align-center mt-2 h3\">Cucina di qualit\u00e0<\/p>\n\n    <\/div>\n    <style>\n        @media screen and (max-width: 992px) {\n            .innerblocks-slider-child {\n                margin: auto !important;\n            }\n        }\n    <\/style>\n  \n\n        <\/div>\n            <div class=\"col-12 col-md-6 col-lg-4 p-0\" style=\"height:350px\">\n            \n    <div \n        class='innerblocks-slider-child wao-blocks-innerblocks-slider-child p-2 text-center' \n        >\n        \n\n<div class=\"wao-blocks-immagine-src\" \n    >\n                    <img decoding=\"async\" src=\"http:\/\/www.imperialecesenatico.com\/wp-content\/uploads\/2026\/01\/pf-gestione.jpg\"  class=\"img-fluid\"  alt=\"pf-gestione\">\n    <\/div>\n\n\n<p class=\"has-text-align-center mt-2 h3\">Gestione famigliare<\/p>\n\n    <\/div>\n    <style>\n        @media screen and (max-width: 992px) {\n            .innerblocks-slider-child {\n                margin: auto !important;\n            }\n        }\n    <\/style>\n  \n\n        <\/div>\n            <div class=\"col-12 col-md-6 col-lg-4 p-0\" style=\"height:350px\">\n            \n    <div \n        class='innerblocks-slider-child wao-blocks-innerblocks-slider-child p-2 text-center' \n        >\n        \n\n<div class=\"wao-blocks-immagine-src\" \n    >\n                    <img decoding=\"async\" src=\"http:\/\/www.imperialecesenatico.com\/wp-content\/uploads\/2026\/01\/pf-spiaggia.jpg\"  class=\"img-fluid\"  alt=\"pf-spiaggia\">\n    <\/div>\n\n\n<p class=\"has-text-align-center mt-2 h3\">Vicino alla spiaggia privata<\/p>\n\n    <\/div>\n    <style>\n        @media screen and (max-width: 992px) {\n            .innerblocks-slider-child {\n                margin: auto !important;\n            }\n        }\n    <\/style>\n  \n        <\/div>\n    <\/div>\n    <\/div>\n<\/div>\n<\/section>\n\n<div class=\"g--bkg-dark-01 \">\n\n<section class=\"wao-blocks-container container mb-0 py-5\"\n\t\t>\n    \n<div class=\"wao-blocks-row row\" >\n    \n\n<div class=\"col-12 col-md-12\"\n     \n\t \n\t>\n        \n\n<h2 class=\"wp-block-heading has-text-align-center h1 mb-4 text-white\">Richiesta informazioni<\/h2>\n\n\n<div class=\"g--bkg-light-04 p-4\">\n\n\n<div class=\"merida_root\" id=\"merida_block\"><\/div>\n\n<script>\nvar merida_config_merida_block = {\n    customerId: 854 ,\n    showSuccessModal : true,\n    rootEl: \"merida_block\",\n    childrenAgeMax: 16,\n    childrenAgeMin: 0,\n    layout: \"compact\",\n    language: \"de\",\n                theme : {\n        colors: {\n            primary: '#f0a62e',\n            primaryTextAlt: '#ffffff',\n            secondary: '#a64988',\n            secondaryTextAlt: '#ffffff',\n            text: '#3e464c',\n            error: '#cc0033',\n            formBackground: '#ffffff',\n            label: '#4d4d4d',\n            labelInput: '#a64988',\n            labelInputActive: '#7ebd6d',\n            inputBackground: '#eeeeee',\n            inputBorder: '#eeeeee',\n            checkboxBorder: '#eeeeee',\n        }\n    },\n    onSuccess : function(res) {\n        \n                        if (typeof(ga) !== 'undefined') {\n                   ga('send', 'event', 'Email', 'Invio', 'Form');\n                }\n                    }\n};\n\n(function(url, cb) {\n    var s = document.createElement(\"script\");\n    s.type = \"text\/javascript\";\n\n    if (s.readyState) { \/\/IE\n        s.onreadystatechange = function() {\n            if (s.readyState == \"loaded\" || s.readyState == \"complete\") {\n                s.onreadystatechange = null;\n                cb();\n            }\n        };\n    } else { \/\/Others\n        s.onload = function() {\n            cb();\n        };\n    }\n\n    s.src = url;\n    document.getElementsByTagName(\"head\")[0].appendChild(s);\n})(\"https:\/\/static.adriasonline.it\/merida\/latest\/merida.js\", function() {\n    window.aoForm = merida(merida_config_merida_block);\n});\n<\/script>\n\n<\/div>\n    <\/div>\n<\/div>\n<\/section>\n\n<\/div>","protected":false},"excerpt":{"rendered":"","protected":false},"author":1,"featured_media":0,"parent":0,"menu_order":0,"comment_status":"closed","ping_status":"closed","template":"","meta":{"footnotes":""},"class_list":["post-302","page","type-page","status-publish","hentry"],"_links":{"self":[{"href":"https:\/\/www.imperialecesenatico.com\/de\/wp-json\/wp\/v2\/pages\/302","targetHints":{"allow":["GET"]}}],"collection":[{"href":"https:\/\/www.imperialecesenatico.com\/de\/wp-json\/wp\/v2\/pages"}],"about":[{"href":"https:\/\/www.imperialecesenatico.com\/de\/wp-json\/wp\/v2\/types\/page"}],"author":[{"embeddable":true,"href":"https:\/\/www.imperialecesenatico.com\/de\/wp-json\/wp\/v2\/users\/1"}],"replies":[{"embeddable":true,"href":"https:\/\/www.imperialecesenatico.com\/de\/wp-json\/wp\/v2\/comments?post=302"}],"version-history":[{"count":8,"href":"https:\/\/www.imperialecesenatico.com\/de\/wp-json\/wp\/v2\/pages\/302\/revisions"}],"predecessor-version":[{"id":412,"href":"https:\/\/www.imperialecesenatico.com\/de\/wp-json\/wp\/v2\/pages\/302\/revisions\/412"}],"wp:attachment":[{"href":"https:\/\/www.imperialecesenatico.com\/de\/wp-json\/wp\/v2\/media?parent=302"}],"curies":[{"name":"wp","href":"https:\/\/api.w.org\/{rel}","templated":true}]}}