{"id":327,"date":"2026-01-20T15:21:12","date_gmt":"2026-01-20T14:21:12","guid":{"rendered":"http:\/\/www.imperialecesenatico.com\/?page_id=327"},"modified":"2026-01-20T15:31:10","modified_gmt":"2026-01-20T14:31:10","slug":"listino","status":"publish","type":"page","link":"https:\/\/www.imperialecesenatico.com\/de\/listino\/","title":{"rendered":"Liste"},"content":{"rendered":"<section class=\"wao-blocks-container container-fluid mb-2\"\n\t\t>\n    \n<div class=\"wao-blocks-row row\" >\n    \n\n<div class=\"col-12 col-md-12 p-lg-5 p-4\"\n     \n\t \n\t>\n        \n<div class=\"mx-auto max-w-900px\">\n\n\n<div class=\"breadcrumb-block mb-4\"\n    >\n    <div class=\"text-primary mx-auto text-center small\">\n        <a href=\"https:\/\/www.imperialecesenatico.com\/de\" rel=\"nofollow\" title=\"Home\">Home &gt;<\/a>\n        Listino    <\/div>\n<\/div>\n\n\n<h1 class=\"wp-block-heading has-text-align-center mb-4\">Tutti i prezzi della tua vacanza<\/h1>\n\n\n\n<p class=\"has-text-align-center\">Nel listino dell\u2019Hotel Imperiale di Cesenatico trovi i <strong>prezzi aggiornati<\/strong>, i trattamenti disponibili, le <strong>riduzioni per bambini<\/strong> e i supplementi previsti. Un modo chiaro e immediato per scegliere la soluzione pi\u00f9 adatta alle tue esigenze e organizzare la tua vacanza senza sorprese.<\/p>\n\n\n<\/div>\n<div class=\"mx-auto max-w-1200px\">\n\n\n\n<style>\n\t.nav-link{\n\t\tborder-radius: 0px 15px 0px 0px !important;\t}\n\t.nav-tabs .nav-item.show .nav-link, .nav-tabs .nav-link.active{\n\t\tborder-radius: 0px 15px 0px 0px !important;\t}\n<\/style>\n\t<div class=\"wao-blocks-listino-v1\" data-cof=\"true\" data-cof-rule=\"\">\n\t\t<div class=\"d-none\" data-vertical-space=\"10\" style=\"z-index: 999;\">\n\t\t\t\t\t\t\t<ul class=\"nav nav-tabs d-flex justify-content-start\" id=\"myTab\" role=\"tablist\">\n\t\t\t\t\t\t\t\t\t\t\t<li class=\"nav-item \">\n\t\t\t\t\t\t\t\t<a class=\"nav-link active btn btn-primary\" id=\"Preisliste-2022-tab\" data-toggle=\"tab\" href=\"#Preisliste-2022\" role=\"tab\" aria-controls=\"Preisliste-2022\" aria-selected=\"true\" title=\"Preisliste 2022\">\n\t\t\t\t\t\t\t\t\tPreisliste 2022\t\t\t\t\t\t\t\t<\/a>\n\t\t\t\t\t\t\t<\/li>\n\t\t\t\t\t\t\t <\/ul>\n\t\t\t\t\t<\/div> \n\t\t<div class=\"tab-content \">\n\t\t\t\t\t\t\t<div class=\"tab-pane fade active show\" id=\"Preisliste-2022\" role=\"tabpanel\" aria-labelledby=\"Preisliste-2022-tab\">\n\t\t\t\t\t\t <h4 class=\"text-quaternary text-center py-1\"> Listino 2026 <\/h4>\t\t\t\t\t\t\t\t\t\t\t\t\t\t\t\t\t<article class=\"row \">\n\t\t\t\t\t\t\t\t\t\t\t<div class=\"col-12 g--bkg-dark-01 text-quaternary text-sm-center\">\n\n\t\t\t\t\t\t\t\t\t\t\t\t\t\t\t\t\t\t\t\t\t\t\t\t\t<h5 class=\"text-quaternary text-center py-1\">All Inclusive Light<\/h5>\n\t\t\t\t\t\t\t\t\t\t\t\t\t\t\t\t\t\t\t\t\t\t\t\t\t\t\t\t\t\t\t\t\t\t\t\t\t<span class=\"text-quaternary text-center py-1\"><\/span>\n\t\t\t\t\t\t\t\t\t\t\t\t\n\t\t\t\t\t\t\t\t\t\t\t<\/div>\n\t\t\t\t\t\t\t\t\t\t\t\t\t\t\t\t\t\t\t\t\t<\/article>\n\n\t\t\t\t\t\t\t\t\t\t<article class=\"row \">\n\t\t\t\t\t\t\t\t\t\t\t\t\t\t\t\t\t\t\t\t\t\t\t<div class=\"col p-0\">\n\t\t\t\t\t\t\t\t\t\t\t\t\t\t\t\t\t\t\t\t\t\t\t\t\t\t\t<div class=\"text-center py-1\">\n\t\t\t\t\t\t\t\t\t\t\t\t\t\t\t<div class=\"\"><\/div>\n\t\t\t\t\t\t\t\t\t\t\t\t\t\t\t\n\t\t\t\t\t\t\t\t\t\t\t\t\t\t\t<div class=\"text-small p-2\">26\/05 - 22\/09<\/div>\n\n\t\t\t\t\t\t\t\t\t\t\t\t\t\t\t<div class=\"p-2 font-weight-bold h4 text-center border-bottom-1 g--b-c-01\">\n\t\t\t\t\t\t\t\t\t\t\t\t\t\t\t\tda 63 a 125 \u20ac \t\t\t\t\t\t\t\t\t\t\t\t\t\t\t\t\t\n\t\t\t\t\t\t\t\t\t\t\t\t\t\t\t<\/div>\n\t\t\t\t\t\t\t\t\t\t\t\t\t\t<\/div>\n\t\t\t\t\t\t\t\t\t\t\t\t\t\t\t\t\t\t\t\t\t\t\t\t\t\t\t\t\t\t\t\t\t\t\t\t\t\t\t<\/div>\n\t\t\t\t\t\t\t\t\t\t\t\t\t\t\t\t\t\t\t\t\t<\/article>\n\t\t\t\t\t\t\t\t\t\t\t\t\t\t\t\t\t\t\t<article class=\"row \">\n\t\t\t\t\t\t\t\t\t\t\t<div class=\"col-12 g--bkg-dark-01 text-quaternary text-sm-center\">\n\n\t\t\t\t\t\t\t\t\t\t\t\t\t\t\t\t\t\t\t\t\t\t\t\t\t<h5 class=\"text-quaternary text-center py-1\">Vollpension Light<\/h5>\n\t\t\t\t\t\t\t\t\t\t\t\t\t\t\t\t\t\t\t\t\t\t\t\t\t\t\t\t\t\t\t\t\t\t\t\t\t<span class=\"text-quaternary text-center py-1\"><\/span>\n\t\t\t\t\t\t\t\t\t\t\t\t\n\t\t\t\t\t\t\t\t\t\t\t<\/div>\n\t\t\t\t\t\t\t\t\t\t\t\t\t\t\t\t\t\t\t\t\t<\/article>\n\n\t\t\t\t\t\t\t\t\t\t<article class=\"row \">\n\t\t\t\t\t\t\t\t\t\t\t\t\t\t\t\t\t\t\t\t\t\t\t<div class=\"col p-0\">\n\t\t\t\t\t\t\t\t\t\t\t\t\t\t\t\t\t\t\t\t\t\t\t\t\t\t\t<div class=\"text-center py-1\">\n\t\t\t\t\t\t\t\t\t\t\t\t\t\t\t<div class=\"\"><\/div>\n\t\t\t\t\t\t\t\t\t\t\t\t\t\t\t\n\t\t\t\t\t\t\t\t\t\t\t\t\t\t\t<div class=\"text-small p-2\">26\/05 - 22\/09<\/div>\n\n\t\t\t\t\t\t\t\t\t\t\t\t\t\t\t<div class=\"p-2 font-weight-bold h4 text-center border-bottom-1 g--b-c-01\">\n\t\t\t\t\t\t\t\t\t\t\t\t\t\t\t\tda 54 a 105 \u20ac \t\t\t\t\t\t\t\t\t\t\t\t\t\t\t\t\t\n\t\t\t\t\t\t\t\t\t\t\t\t\t\t\t<\/div>\n\t\t\t\t\t\t\t\t\t\t\t\t\t\t<\/div>\n\t\t\t\t\t\t\t\t\t\t\t\t\t\t\t\t\t\t\t\t\t\t\t\t\t\t\t\t\t\t\t\t\t\t\t\t\t\t\t<\/div>\n\t\t\t\t\t\t\t\t\t\t\t\t\t\t\t\t\t\t\t\t\t<\/article>\n\t\t\t\t\t\t\t\t\t\t\t\t\t\t\t\t\t\t\t<article class=\"row \">\n\t\t\t\t\t\t\t\t\t\t\t<div class=\"col-12 g--bkg-dark-01 text-quaternary text-sm-center\">\n\n\t\t\t\t\t\t\t\t\t\t\t\t\t\t\t\t\t\t\t\t\t\t\t\t\t<h5 class=\"text-quaternary text-center py-1\">Halbpension Light<\/h5>\n\t\t\t\t\t\t\t\t\t\t\t\t\t\t\t\t\t\t\t\t\t\t\t\t\t\t\t\t\t\t\t\t\t\t\t\t\t<span class=\"text-quaternary text-center py-1\"><\/span>\n\t\t\t\t\t\t\t\t\t\t\t\t\n\t\t\t\t\t\t\t\t\t\t\t<\/div>\n\t\t\t\t\t\t\t\t\t\t\t\t\t\t\t\t\t\t\t\t\t<\/article>\n\n\t\t\t\t\t\t\t\t\t\t<article class=\"row \">\n\t\t\t\t\t\t\t\t\t\t\t\t\t\t\t\t\t\t\t\t\t\t\t<div class=\"col p-0\">\n\t\t\t\t\t\t\t\t\t\t\t\t\t\t\t\t\t\t\t\t\t\t\t\t\t\t\t<div class=\"text-center py-1\">\n\t\t\t\t\t\t\t\t\t\t\t\t\t\t\t<div class=\"\"><\/div>\n\t\t\t\t\t\t\t\t\t\t\t\t\t\t\t\n\t\t\t\t\t\t\t\t\t\t\t\t\t\t\t<div class=\"text-small p-2\">26\/05 - 22\/09<\/div>\n\n\t\t\t\t\t\t\t\t\t\t\t\t\t\t\t<div class=\"p-2 font-weight-bold h4 text-center border-bottom-1 g--b-c-01\">\n\t\t\t\t\t\t\t\t\t\t\t\t\t\t\t\tda 55 a 115 \u20ac \t\t\t\t\t\t\t\t\t\t\t\t\t\t\t\t\t\n\t\t\t\t\t\t\t\t\t\t\t\t\t\t\t<\/div>\n\t\t\t\t\t\t\t\t\t\t\t\t\t\t<\/div>\n\t\t\t\t\t\t\t\t\t\t\t\t\t\t\t\t\t\t\t\t\t\t\t\t\t\t\t\t\t\t\t\t\t\t\t\t\t\t\t<\/div>\n\t\t\t\t\t\t\t\t\t\t\t\t\t\t\t\t\t\t\t\t\t<\/article>\n\t\t\t\t\t\t\t\t\t\t\t\t\t\t\t\t\t\t\t<article class=\"row \">\n\t\t\t\t\t\t\t\t\t\t\t<div class=\"col-12 g--bkg-dark-01 text-quaternary text-sm-center\">\n\n\t\t\t\t\t\t\t\t\t\t\t\t\t\t\t\t\t\t\t\t\t\t\t\t\t<h5 class=\"text-quaternary text-center py-1\">Halbpension<\/h5>\n\t\t\t\t\t\t\t\t\t\t\t\t\t\t\t\t\t\t\t\t\t\t\t\t\t\t\t\t\t\t\t\t\t\t\t\t\t<span class=\"text-quaternary text-center py-1\"><\/span>\n\t\t\t\t\t\t\t\t\t\t\t\t\n\t\t\t\t\t\t\t\t\t\t\t<\/div>\n\t\t\t\t\t\t\t\t\t\t\t\t\t\t\t\t\t\t\t\t\t<\/article>\n\n\t\t\t\t\t\t\t\t\t\t<article class=\"row \">\n\t\t\t\t\t\t\t\t\t\t\t\t\t\t\t\t\t\t\t\t\t\t\t<div class=\"col p-0\">\n\t\t\t\t\t\t\t\t\t\t\t\t\t\t\t\t\t\t\t\t\t\t\t\t\t\t\t<div class=\"text-center py-1\">\n\t\t\t\t\t\t\t\t\t\t\t\t\t\t\t<div class=\"\"><\/div>\n\t\t\t\t\t\t\t\t\t\t\t\t\t\t\t\n\t\t\t\t\t\t\t\t\t\t\t\t\t\t\t<div class=\"text-small p-2\">26\/05 - 22\/09<\/div>\n\n\t\t\t\t\t\t\t\t\t\t\t\t\t\t\t<div class=\"p-2 font-weight-bold h4 text-center border-bottom-1 g--b-c-01\">\n\t\t\t\t\t\t\t\t\t\t\t\t\t\t\t\tda 52 a 95 \u20ac \t\t\t\t\t\t\t\t\t\t\t\t\t\t\t\t\t\n\t\t\t\t\t\t\t\t\t\t\t\t\t\t\t<\/div>\n\t\t\t\t\t\t\t\t\t\t\t\t\t\t<\/div>\n\t\t\t\t\t\t\t\t\t\t\t\t\t\t\t\t\t\t\t\t\t\t\t\t\t\t\t\t\t\t\t\t\t\t\t\t\t\t\t<\/div>\n\t\t\t\t\t\t\t\t\t\t\t\t\t\t\t\t\t\t\t\t\t<\/article>\n\t\t\t\t\t\t\t\t\t\t\t\t\t\t\t\t<div class=\"py-3\">\n\t\t\t\t\t\t\t\t\t\t\t\t\t\t\t\t\t<h3 class=\"\">Note listino <\/h3>\t\n\t\t\t\t\t\t\t\t\t\t\t\t\t\t\t\t\t\t\t\t\t\t\t\t\t\t\t<div class=\"mb-1\">\n\t\t\t\t\t\t\t\t\t\t\t<p><strong>Vollpension<\/strong> enth\u00e4lt nur Tafelwasser , stilles oder mit Kohlens\u00e4ure,zu den Mahlzeiten<\/p><p><br><\/p><p><strong>All Inklusiv<\/strong> beinhaltet ausserdem die Getr\u00e4nke ( Tafelwasser-Fanta-Cola-Bier oder Wein) zu den Mahlzeiten, am Strand \u201c da chi Burdell\u201d pro Doppelzimmer 1 Sonnenschrim mit 2 Liegen ab der 4\u00b0 Reihe in unserem Strandbad \" da chi Burdell\"<\/p><p>Einzelzimmer m\u00fcssen sich nach Bedarf den Schirm mit einer anderen Person teilen.<\/p><p><br><\/p><p><strong>Halbpension<\/strong><\/p><p>Sie d\u00fcrfen t\u00e4glich w\u00e4hlen ob Sie lieber Mittags oder lieber Abends speisen m\u00f6chten, auf Wunsch bereiten wir Ihnen auch ein Lunchpaket.<\/p><p><br><\/p><p><strong>Rabatte sind f\u00fcr Kinder aller Altersstufen auf Anfrage verf\u00fcgbar<\/strong><\/p><p><br><\/p><p><strong>Zuschl\u00e4ge<\/strong><\/p><p>Einzelzimmer + \u20ac. 18,00 am Tag<\/p><p><br><\/p><p><strong>Reduktion:<\/strong>&nbsp;<\/p><ul><li>- \u20ac. 7,00 bei All inklusiv<\/li><li>- \u20ac. 5,00 bei Vollpension<\/li><\/ul><p>Preise gelten f\u00fcr einen Mindestaufenthalt von 3 Tagen<\/p><p>Kurzurlaub mit Vollpension oder auch All Inklusiv ist m\u00f6glich mit Aufschlag<\/p><p>M\u00f6chten Sie frei sein ohne Zeitzwang, erfragen Sie unsere Tarife f\u00fcr \u00dcbernachtung mit Fr\u00fchst\u00fcck<\/p><p>ab 2018&nbsp;&nbsp;wird&nbsp;Bettensteuer in Cesenatico verlangt., \u20ac. 1,50 pro Person am Tag, Kinder ausgeschlossen<\/p>\t\t\t\t\t\t\t\t\t\t<\/div>\n\t\t\t\t\t\t\t\t\t\t\n\t\t\t\t\t\t\t<\/div>\n\t\t\t\t\t\t\t\t\t\t<\/div> \t\t<\/div>\n\t<\/div>\n\n<\/div>\n    <\/div>\n<\/div>\n<\/section>\n\n<section class=\"wao-blocks-container container-fluid mb-5\"\n\t\t>\n    \n<div class=\"wao-blocks-row row\" >\n    \n\n<div class=\"col-12 col-md-12 col-xl-10 g--bkg-light-01 mx-auto tex-align box_puntiforza p-lg-5 p-4\"\n     \n\t \n\t>\n        \n\n<h2 class=\"wp-block-heading has-text-align-center mb-4\">Punti forza<br>dell'Hotel Imperiale di Cesenatico<\/h2>\n\n\n<div id=\"innerblocks-slider-parent1\" data-wrapAround='false' data-cellAlign=\"right\" data-bgLazyLoad=\"1\" data-freeScroll=\"false\" data-autoPlay=\"5000\" data-pauseAutoPlayOnHover =\"true\" data-prevNextButtons=\"false\" data-contain=\"true\" data-pageDots=\"true\" data-draggable=\"true\"  class=\"wrap-desktop js--flickity wao-blocks-slider slider-pf innerblocks-slider-parent-40670 no-drag-fix-innerblocks-slider-parent-40670 \"  style=\"margin-bottom: 35px\">\n            <div class=\"col-12 col-md-6 col-lg-4 p-0\" style=\"height:350px\">\n            \n    <div \n        class='innerblocks-slider-child wao-blocks-innerblocks-slider-child p-2 text-center' \n        >\n        \n\n<div class=\"wao-blocks-immagine-src\" \n    >\n                    <img decoding=\"async\" src=\"http:\/\/www.imperialecesenatico.com\/wp-content\/uploads\/2026\/01\/pg-cucina.jpg\"  class=\"img-fluid\"  alt=\"pg-cucina\">\n    <\/div>\n\n\n<p class=\"has-text-align-center mt-2 h3\">Cucina di qualit\u00e0<\/p>\n\n    <\/div>\n    <style>\n        @media screen and (max-width: 992px) {\n            .innerblocks-slider-child {\n                margin: auto !important;\n            }\n        }\n    <\/style>\n  \n\n        <\/div>\n            <div class=\"col-12 col-md-6 col-lg-4 p-0\" style=\"height:350px\">\n            \n    <div \n        class='innerblocks-slider-child wao-blocks-innerblocks-slider-child p-2 text-center' \n        >\n        \n\n<div class=\"wao-blocks-immagine-src\" \n    >\n                    <img decoding=\"async\" src=\"http:\/\/www.imperialecesenatico.com\/wp-content\/uploads\/2026\/01\/pf-gestione.jpg\"  class=\"img-fluid\"  alt=\"pf-gestione\">\n    <\/div>\n\n\n<p class=\"has-text-align-center mt-2 h3\">Gestione famigliare<\/p>\n\n    <\/div>\n    <style>\n        @media screen and (max-width: 992px) {\n            .innerblocks-slider-child {\n                margin: auto !important;\n            }\n        }\n    <\/style>\n  \n\n        <\/div>\n            <div class=\"col-12 col-md-6 col-lg-4 p-0\" style=\"height:350px\">\n            \n    <div \n        class='innerblocks-slider-child wao-blocks-innerblocks-slider-child p-2 text-center' \n        >\n        \n\n<div class=\"wao-blocks-immagine-src\" \n    >\n                    <img decoding=\"async\" src=\"http:\/\/www.imperialecesenatico.com\/wp-content\/uploads\/2026\/01\/pf-spiaggia.jpg\"  class=\"img-fluid\"  alt=\"pf-spiaggia\">\n    <\/div>\n\n\n<p class=\"has-text-align-center mt-2 h3\">Vicino alla spiaggia privata<\/p>\n\n    <\/div>\n    <style>\n        @media screen and (max-width: 992px) {\n            .innerblocks-slider-child {\n                margin: auto !important;\n            }\n        }\n    <\/style>\n  \n        <\/div>\n    <\/div>\n<div id=\"innerblocks-slider-parent2\"  data-wrapAround='true' data-cellAlign=\"right\" data-bgLazyLoad=\"1\" data-freeScroll=\"false\" data-autoPlay=\"5000\" data-pauseAutoPlayOnHover =\"true\" data-prevNextButtons=\"false\" data-contain=\"true\" data-pageDots=\"true\" data-draggable=\"true\" class=\"wrap-mobile js--flickity wao-blocks-slider slider-pf innerblocks-slider-parent-40670\"  style=\"margin-bottom: 35px\">\n            <div class=\"col-12 col-md-6 col-lg-4 p-0\" style=\"height:350px\">\n            \n    <div \n        class='innerblocks-slider-child wao-blocks-innerblocks-slider-child p-2 text-center' \n        >\n        \n\n<div class=\"wao-blocks-immagine-src\" \n    >\n                    <img decoding=\"async\" src=\"http:\/\/www.imperialecesenatico.com\/wp-content\/uploads\/2026\/01\/pg-cucina.jpg\"  class=\"img-fluid\"  alt=\"pg-cucina\">\n    <\/div>\n\n\n<p class=\"has-text-align-center mt-2 h3\">Cucina di qualit\u00e0<\/p>\n\n    <\/div>\n    <style>\n        @media screen and (max-width: 992px) {\n            .innerblocks-slider-child {\n                margin: auto !important;\n            }\n        }\n    <\/style>\n  \n\n        <\/div>\n            <div class=\"col-12 col-md-6 col-lg-4 p-0\" style=\"height:350px\">\n            \n    <div \n        class='innerblocks-slider-child wao-blocks-innerblocks-slider-child p-2 text-center' \n        >\n        \n\n<div class=\"wao-blocks-immagine-src\" \n    >\n                    <img decoding=\"async\" src=\"http:\/\/www.imperialecesenatico.com\/wp-content\/uploads\/2026\/01\/pf-gestione.jpg\"  class=\"img-fluid\"  alt=\"pf-gestione\">\n    <\/div>\n\n\n<p class=\"has-text-align-center mt-2 h3\">Gestione famigliare<\/p>\n\n    <\/div>\n    <style>\n        @media screen and (max-width: 992px) {\n            .innerblocks-slider-child {\n                margin: auto !important;\n            }\n        }\n    <\/style>\n  \n\n        <\/div>\n            <div class=\"col-12 col-md-6 col-lg-4 p-0\" style=\"height:350px\">\n            \n    <div \n        class='innerblocks-slider-child wao-blocks-innerblocks-slider-child p-2 text-center' \n        >\n        \n\n<div class=\"wao-blocks-immagine-src\" \n    >\n                    <img decoding=\"async\" src=\"http:\/\/www.imperialecesenatico.com\/wp-content\/uploads\/2026\/01\/pf-spiaggia.jpg\"  class=\"img-fluid\"  alt=\"pf-spiaggia\">\n    <\/div>\n\n\n<p class=\"has-text-align-center mt-2 h3\">Vicino alla spiaggia privata<\/p>\n\n    <\/div>\n    <style>\n        @media screen and (max-width: 992px) {\n            .innerblocks-slider-child {\n                margin: auto !important;\n            }\n        }\n    <\/style>\n  \n        <\/div>\n    <\/div>\n    <\/div>\n<\/div>\n<\/section>\n\n<div class=\"g--bkg-dark-01 \">\n\n<section class=\"wao-blocks-container container mb-0 py-5\"\n\t\t>\n    \n<div class=\"wao-blocks-row row\" >\n    \n\n<div class=\"col-12 col-md-12\"\n     \n\t \n\t>\n        \n\n<h2 class=\"wp-block-heading has-text-align-center h1 mb-4 text-white\">Richiesta informazioni<\/h2>\n\n\n<div class=\"g--bkg-light-04 p-4\">\n\n\n<div class=\"merida_root\" id=\"merida_block\"><\/div>\n\n<script>\nvar merida_config_merida_block = {\n    customerId: 854 ,\n    showSuccessModal : true,\n    rootEl: \"merida_block\",\n    childrenAgeMax: 16,\n    childrenAgeMin: 0,\n    layout: \"compact\",\n    language: \"de\",\n                theme : {\n        colors: {\n            primary: '#f0a62e',\n            primaryTextAlt: '#ffffff',\n            secondary: '#a64988',\n            secondaryTextAlt: '#ffffff',\n            text: '#3e464c',\n            error: '#cc0033',\n            formBackground: '#ffffff',\n            label: '#4d4d4d',\n            labelInput: '#a64988',\n            labelInputActive: '#7ebd6d',\n            inputBackground: '#eeeeee',\n            inputBorder: '#eeeeee',\n            checkboxBorder: '#eeeeee',\n        }\n    },\n    onSuccess : function(res) {\n        \n                        if (typeof(ga) !== 'undefined') {\n                   ga('send', 'event', 'Email', 'Invio', 'Form');\n                }\n                    }\n};\n\n(function(url, cb) {\n    var s = document.createElement(\"script\");\n    s.type = \"text\/javascript\";\n\n    if (s.readyState) { \/\/IE\n        s.onreadystatechange = function() {\n            if (s.readyState == \"loaded\" || s.readyState == \"complete\") {\n                s.onreadystatechange = null;\n                cb();\n            }\n        };\n    } else { \/\/Others\n        s.onload = function() {\n            cb();\n        };\n    }\n\n    s.src = url;\n    document.getElementsByTagName(\"head\")[0].appendChild(s);\n})(\"https:\/\/static.adriasonline.it\/merida\/latest\/merida.js\", function() {\n    window.aoForm = merida(merida_config_merida_block);\n});\n<\/script>\n\n<\/div>\n    <\/div>\n<\/div>\n<\/section>\n\n<\/div>","protected":false},"excerpt":{"rendered":"","protected":false},"author":1,"featured_media":0,"parent":0,"menu_order":0,"comment_status":"closed","ping_status":"closed","template":"","meta":{"footnotes":""},"class_list":["post-327","page","type-page","status-publish","hentry"],"_links":{"self":[{"href":"https:\/\/www.imperialecesenatico.com\/de\/wp-json\/wp\/v2\/pages\/327","targetHints":{"allow":["GET"]}}],"collection":[{"href":"https:\/\/www.imperialecesenatico.com\/de\/wp-json\/wp\/v2\/pages"}],"about":[{"href":"https:\/\/www.imperialecesenatico.com\/de\/wp-json\/wp\/v2\/types\/page"}],"author":[{"embeddable":true,"href":"https:\/\/www.imperialecesenatico.com\/de\/wp-json\/wp\/v2\/users\/1"}],"replies":[{"embeddable":true,"href":"https:\/\/www.imperialecesenatico.com\/de\/wp-json\/wp\/v2\/comments?post=327"}],"version-history":[{"count":4,"href":"https:\/\/www.imperialecesenatico.com\/de\/wp-json\/wp\/v2\/pages\/327\/revisions"}],"predecessor-version":[{"id":340,"href":"https:\/\/www.imperialecesenatico.com\/de\/wp-json\/wp\/v2\/pages\/327\/revisions\/340"}],"wp:attachment":[{"href":"https:\/\/www.imperialecesenatico.com\/de\/wp-json\/wp\/v2\/media?parent=327"}],"curies":[{"name":"wp","href":"https:\/\/api.w.org\/{rel}","templated":true}]}}